{"id":2,"date":"2023-10-20T17:15:39","date_gmt":"2023-10-20T17:15:39","guid":{"rendered":"https:\/\/jesuscampus.de\/?page_id=2"},"modified":"2023-12-12T16:29:30","modified_gmt":"2023-12-12T15:29:30","slug":"sample-page","status":"publish","type":"page","link":"https:\/\/www.jesuscampus.de\/","title":{"rendered":"Jesus Campus Team"},"content":{"rendered":"\n<p>Hallo, willkommen bei Jesus Campus, wir sind eine Plattform f\u00fcr Studenten, die sich mit Themen des christlichen Glaubens, des Wissens, der Wissenschaft und des studentischen und beruflichen Lebens befasst, und dies ist unsere Website.<\/p>\n\n\n\n<p>Wir sind eine Gruppe von christlichen Studenten aus verschiedenen Universit\u00e4ten in und um D\u00fcsseldorf.<\/p>\n\n\n\n<p>Besuchen Sie unsere Instagram-Seite f\u00fcr weitere Inhalte.<\/p>\n\n\n\n<p>Vielen Dank f\u00fcr Ihr Interesse an unserer Website!<\/p>\n\n\n\n<blockquote class=\"wp-block-quote is-layout-flow wp-block-quote-is-layout-flow\">\n<p>Coram Deo: Das ganze Leben vor Gott! <\/p>\n\n\n\n<p>Es gibt keinen Quadratzentimeter im gesamten Bereich unserer Existenz, \u00fcber den Christus, der Herrscher \u00fcber alles, nicht rufen k\u00f6nnte: Es geh\u00f6rt mir.           Abraham Kuyper<\/p>\n<\/blockquote>\n\n\n\n<p><\/p>\n","protected":false},"excerpt":{"rendered":"<p>Hallo, willkommen bei Jesus Campus, wir sind eine Plattform f\u00fcr Studenten, die sich mit Themen des christlichen Glaubens, des Wissens, der Wissenschaft und des studentischen und beruflichen Lebens befasst, und dies ist unsere Website. Wir sind eine Gruppe von christlichen Studenten aus verschiedenen Universit\u00e4ten in und um D\u00fcsseldorf. Besuchen Sie unsere Instagram-Seite f\u00fcr weitere Inhalte. [&hellip;]<\/p>\n","protected":false},"author":1,"featured_media":0,"parent":0,"menu_order":0,"comment_status":"closed","ping_status":"closed","template":"","meta":{"footnotes":""},"class_list":["post-2","page","type-page","status-publish","hentry"],"yoast_head":"<!-- This site is optimized with the Yoast SEO plugin v22.2 - https:\/\/yoast.com\/wordpress\/plugins\/seo\/ -->\r\n<title>Jesus Campus Team - Jesus Campus<\/title>\r\n<meta name=\"robots\" content=\"index, follow, max-snippet:-1, max-image-preview:large, max-video-preview:-1\" \/>\r\n<link rel=\"canonical\" href=\"https:\/\/www.jesuscampus.de\/\" \/>\r\n<meta property=\"og:locale\" content=\"en_US\" \/>\r\n<meta property=\"og:type\" content=\"article\" \/>\r\n<meta property=\"og:title\" content=\"Jesus Campus Team - Jesus Campus\" \/>\r\n<meta property=\"og:description\" content=\"Hallo, willkommen bei Jesus Campus, wir sind eine Plattform f\u00fcr Studenten, die sich mit Themen des christlichen Glaubens, des Wissens, der Wissenschaft und des studentischen und beruflichen Lebens befasst, und dies ist unsere Website. Wir sind eine Gruppe von christlichen Studenten aus verschiedenen Universit\u00e4ten in und um D\u00fcsseldorf. Besuchen Sie unsere Instagram-Seite f\u00fcr weitere Inhalte. [&hellip;]\" \/>\r\n<meta property=\"og:url\" content=\"https:\/\/www.jesuscampus.de\/\" \/>\r\n<meta property=\"og:site_name\" content=\"Jesus Campus\" \/>\r\n<meta property=\"article:modified_time\" content=\"2023-12-12T15:29:30+00:00\" \/>\r\n<meta name=\"twitter:card\" content=\"summary_large_image\" \/>\r\n<meta name=\"twitter:label1\" content=\"Est. reading time\" \/>\n\t<meta name=\"twitter:data1\" content=\"1 minute\" \/>\r\n<script type=\"application\/ld+json\" class=\"yoast-schema-graph\">{\"@context\":\"https:\/\/schema.org\",\"@graph\":[{\"@type\":\"WebPage\",\"@id\":\"https:\/\/www.jesuscampus.de\/\",\"url\":\"https:\/\/www.jesuscampus.de\/\",\"name\":\"Jesus Campus Team - Jesus Campus\",\"isPartOf\":{\"@id\":\"https:\/\/www.jesuscampus.de\/#website\"},\"datePublished\":\"2023-10-20T17:15:39+00:00\",\"dateModified\":\"2023-12-12T15:29:30+00:00\",\"breadcrumb\":{\"@id\":\"https:\/\/www.jesuscampus.de\/#breadcrumb\"},\"inLanguage\":\"en-US\",\"potentialAction\":[{\"@type\":\"ReadAction\",\"target\":[\"https:\/\/www.jesuscampus.de\/\"]}]},{\"@type\":\"BreadcrumbList\",\"@id\":\"https:\/\/www.jesuscampus.de\/#breadcrumb\",\"itemListElement\":[{\"@type\":\"ListItem\",\"position\":1,\"name\":\"Home\",\"item\":\"https:\/\/www.jesuscampus.de\/\"},{\"@type\":\"ListItem\",\"position\":2,\"name\":\"Jesus Campus Team\"}]},{\"@type\":\"WebSite\",\"@id\":\"https:\/\/www.jesuscampus.de\/#website\",\"url\":\"https:\/\/www.jesuscampus.de\/\",\"name\":\"Jesus Campus\",\"description\":\"Studentenbewegung\",\"publisher\":{\"@id\":\"https:\/\/www.jesuscampus.de\/#organization\"},\"potentialAction\":[{\"@type\":\"SearchAction\",\"target\":{\"@type\":\"EntryPoint\",\"urlTemplate\":\"https:\/\/www.jesuscampus.de\/?s={search_term_string}\"},\"query-input\":\"required name=search_term_string\"}],\"inLanguage\":\"en-US\"},{\"@type\":\"Organization\",\"@id\":\"https:\/\/www.jesuscampus.de\/#organization\",\"name\":\"Jesus Campus\",\"url\":\"https:\/\/www.jesuscampus.de\/\",\"logo\":{\"@type\":\"ImageObject\",\"inLanguage\":\"en-US\",\"@id\":\"https:\/\/www.jesuscampus.de\/#\/schema\/logo\/image\/\",\"url\":\"https:\/\/www.jesuscampus.de\/wp-content\/uploads\/2023\/11\/cropped-cropped-JC-Website-logo-1.png\",\"contentUrl\":\"https:\/\/www.jesuscampus.de\/wp-content\/uploads\/2023\/11\/cropped-cropped-JC-Website-logo-1.png\",\"width\":150,\"height\":150,\"caption\":\"Jesus Campus\"},\"image\":{\"@id\":\"https:\/\/www.jesuscampus.de\/#\/schema\/logo\/image\/\"}}]}<\/script>\r\n<!-- \/ Yoast SEO plugin. -->","yoast_head_json":{"title":"Jesus Campus Team - Jesus Campus","robots":{"index":"index","follow":"follow","max-snippet":"max-snippet:-1","max-image-preview":"max-image-preview:large","max-video-preview":"max-video-preview:-1"},"canonical":"https:\/\/www.jesuscampus.de\/","og_locale":"en_US","og_type":"article","og_title":"Jesus Campus Team - Jesus Campus","og_description":"Hallo, willkommen bei Jesus Campus, wir sind eine Plattform f\u00fcr Studenten, die sich mit Themen des christlichen Glaubens, des Wissens, der Wissenschaft und des studentischen und beruflichen Lebens befasst, und dies ist unsere Website. Wir sind eine Gruppe von christlichen Studenten aus verschiedenen Universit\u00e4ten in und um D\u00fcsseldorf. Besuchen Sie unsere Instagram-Seite f\u00fcr weitere Inhalte. [&hellip;]","og_url":"https:\/\/www.jesuscampus.de\/","og_site_name":"Jesus Campus","article_modified_time":"2023-12-12T15:29:30+00:00","twitter_card":"summary_large_image","twitter_misc":{"Est. reading time":"1 minute"},"schema":{"@context":"https:\/\/schema.org","@graph":[{"@type":"WebPage","@id":"https:\/\/www.jesuscampus.de\/","url":"https:\/\/www.jesuscampus.de\/","name":"Jesus Campus Team - Jesus Campus","isPartOf":{"@id":"https:\/\/www.jesuscampus.de\/#website"},"datePublished":"2023-10-20T17:15:39+00:00","dateModified":"2023-12-12T15:29:30+00:00","breadcrumb":{"@id":"https:\/\/www.jesuscampus.de\/#breadcrumb"},"inLanguage":"en-US","potentialAction":[{"@type":"ReadAction","target":["https:\/\/www.jesuscampus.de\/"]}]},{"@type":"BreadcrumbList","@id":"https:\/\/www.jesuscampus.de\/#breadcrumb","itemListElement":[{"@type":"ListItem","position":1,"name":"Home","item":"https:\/\/www.jesuscampus.de\/"},{"@type":"ListItem","position":2,"name":"Jesus Campus Team"}]},{"@type":"WebSite","@id":"https:\/\/www.jesuscampus.de\/#website","url":"https:\/\/www.jesuscampus.de\/","name":"Jesus Campus","description":"Studentenbewegung","publisher":{"@id":"https:\/\/www.jesuscampus.de\/#organization"},"potentialAction":[{"@type":"SearchAction","target":{"@type":"EntryPoint","urlTemplate":"https:\/\/www.jesuscampus.de\/?s={search_term_string}"},"query-input":"required name=search_term_string"}],"inLanguage":"en-US"},{"@type":"Organization","@id":"https:\/\/www.jesuscampus.de\/#organization","name":"Jesus Campus","url":"https:\/\/www.jesuscampus.de\/","logo":{"@type":"ImageObject","inLanguage":"en-US","@id":"https:\/\/www.jesuscampus.de\/#\/schema\/logo\/image\/","url":"https:\/\/www.jesuscampus.de\/wp-content\/uploads\/2023\/11\/cropped-cropped-JC-Website-logo-1.png","contentUrl":"https:\/\/www.jesuscampus.de\/wp-content\/uploads\/2023\/11\/cropped-cropped-JC-Website-logo-1.png","width":150,"height":150,"caption":"Jesus Campus"},"image":{"@id":"https:\/\/www.jesuscampus.de\/#\/schema\/logo\/image\/"}}]}},"jetpack_sharing_enabled":true,"_links":{"self":[{"href":"https:\/\/www.jesuscampus.de\/index.php?rest_route=\/wp\/v2\/pages\/2","targetHints":{"allow":["GET"]}}],"collection":[{"href":"https:\/\/www.jesuscampus.de\/index.php?rest_route=\/wp\/v2\/pages"}],"about":[{"href":"https:\/\/www.jesuscampus.de\/index.php?rest_route=\/wp\/v2\/types\/page"}],"author":[{"embeddable":true,"href":"https:\/\/www.jesuscampus.de\/index.php?rest_route=\/wp\/v2\/users\/1"}],"replies":[{"embeddable":true,"href":"https:\/\/www.jesuscampus.de\/index.php?rest_route=%2Fwp%2Fv2%2Fcomments&post=2"}],"version-history":[{"count":5,"href":"https:\/\/www.jesuscampus.de\/index.php?rest_route=\/wp\/v2\/pages\/2\/revisions"}],"predecessor-version":[{"id":208,"href":"https:\/\/www.jesuscampus.de\/index.php?rest_route=\/wp\/v2\/pages\/2\/revisions\/208"}],"wp:attachment":[{"href":"https:\/\/www.jesuscampus.de\/index.php?rest_route=%2Fwp%2Fv2%2Fmedia&parent=2"}],"curies":[{"name":"wp","href":"https:\/\/api.w.org\/{rel}","templated":true}]}}